{"id":14995,"date":"2023-03-19T21:14:17","date_gmt":"2023-03-19T19:14:17","guid":{"rendered":"https:\/\/highendtec.com\/product\/tp-link-gigabit-pci-express-network-adapter-card-tg-3468\/"},"modified":"2023-04-01T00:00:19","modified_gmt":"2023-03-31T22:00:19","slug":"tp-link-gigabit-pci-express-network-adapter-card-tg-3468","status":"publish","type":"product","link":"https:\/\/highendtec.com\/ar\/product\/tp-link-gigabit-pci-express-network-adapter-card-tg-3468\/","title":{"rendered":"TP-Link Gigabit Pci Express Network Adapter Card (tg-3468)"},"content":{"rendered":"<h1 id=\"title\" class=\"a-size-large a-spacing-none\"><span id=\"productTitle\" class=\"a-size-large product-title-word-break\">TP-Link Gigabit Pci Express Network Adapter Card (tg-3468) <\/span><\/h1>\n<div class=\"box highlights\">\n<ul>\n<li>10\/100\/1000Mbps PCIe Adapter<\/li>\n<li>32-bit PCIe interface, saving the finite chassis space<\/li>\n<li>Wake-on-LAN, convenient to manage over LAN<\/li>\n<\/ul>\n<table>\n<thead>\n<tr id=\"tr_603\">\n<th colspan=\"2\"><a>HARDWARE FEATURES<\/a><\/th>\n<\/tr>\n<\/thead>\n<tbody>\n<tr id=\"tr_694\">\n<th width=\"35%\">Interface<\/th>\n<td width=\"65%\">PCI Express, 1 \u00d7 10\/100\/1000 Mbps RJ45 Port, Auto-Negotiation, Auto MDI\/MDIX<\/td>\n<\/tr>\n<tr id=\"tr_1097\">\n<th width=\"35%\">Network Media<\/th>\n<td width=\"65%\">10BASE-T: UTP category 3, 4, 5 cable (maximum 100m)<br \/>\nEIA\/TIA-568 100\u03a9 STP (maximum 100m)<br \/>\n100BASE-TX: UTP category 5, 5e cable (maximum 100m)<br \/>\nEIA\/TIA-568 100\u03a9 STP (maximum 100m)<br \/>\n1000Base-T: UTP category 5, 5e cable (maximum 100m)<\/td>\n<\/tr>\n<tr id=\"tr_1107\">\n<th width=\"35%\">LED<\/th>\n<td width=\"65%\">Status<\/td>\n<\/tr>\n<tr id=\"tr_693\">\n<th width=\"35%\">Wireless Standards<\/th>\n<td width=\"65%\">IEEE802.3, IEEE802.3u, IEEE802.3ab, IEEE802.3x<\/td>\n<\/tr>\n<tr id=\"tr_1093\">\n<th width=\"35%\">Data Rates<\/th>\n<td width=\"65%\">10\/100\/1000Mbps for Half-Duplex mode,<br \/>\n20\/200\/2000Mbps for Full-Duplex mode<\/td>\n<\/tr>\n<tr id=\"tr_5743\">\n<th width=\"35%\">Dimensions<\/th>\n<td width=\"65%\">3.1 \u00d7 4.8 \u00d7 0.8 in (78.5 \u00d7 120.8 \u00d7 21.5mm)<\/td>\n<\/tr>\n<tr id=\"tr_1112\">\n<th width=\"35%\">Flow Control<\/th>\n<td width=\"65%\">IEEE 802.3x Flow Control (Full-Duplex)<\/td>\n<\/tr>\n<\/tbody>\n<\/table>\n<table>\n<thead>\n<tr id=\"tr_606\">\n<th colspan=\"2\"><a>OTHERS<\/a><\/th>\n<\/tr>\n<\/thead>\n<tbody>\n<tr id=\"tr_714\">\n<th width=\"35%\">Certification<\/th>\n<td width=\"65%\">FCC, CE, RoHS, BSMI, VCCI<\/td>\n<\/tr>\n<tr id=\"tr_715\">\n<th width=\"35%\">Package Contents<\/th>\n<td width=\"65%\">Gigabit PCI Express Network Adapter TG-3468<br \/>\nQuick Installation Guide<br \/>\nResource CD<br \/>\nLow-profile Bracket<\/td>\n<\/tr>\n<tr id=\"tr_716\">\n<th width=\"35%\">System Requirements<\/th>\n<td width=\"65%\">Windows 10\/8.1\/8\/7<\/td>\n<\/tr>\n<tr id=\"tr_717\">\n<th width=\"35%\">Environment<\/th>\n<td width=\"65%\">Operating Temperature: 0\u2103~40\u2103 (32\u2109 ~104\u2109)<br \/>\nStorage Temperature: -40\u2103~70\u2103 (-40\u2109 ~158\u2109)<br \/>\nOperating Humidity: 10%~90% non-condensing<br \/>\nStorage Humidity: 5%~90% non-condensing<\/td>\n<\/tr>\n<\/tbody>\n<\/table>\n<\/div>\n","protected":false},"excerpt":{"rendered":"<h1 id=\"title\" class=\"a-size-large a-spacing-none\"><span id=\"productTitle\" class=\"a-size-large product-title-word-break\">TP-Link Gigabit Pci Express Network Adapter Card (tg-3468) <\/span><\/h1>\n<div class=\"box highlights\">\n<ul>\n<li>10\/100\/1000Mbps PCIe Adapter<\/li>\n<li>32-bit PCIe interface, saving the finite chassis space<\/li>\n<li>Wake-on-LAN, convenient to manage over LAN<\/li>\n<\/ul>\n<\/div>\n","protected":false},"featured_media":14992,"comment_status":"open","ping_status":"closed","template":"","meta":[],"product_brand":[],"product_cat":[577],"product_tag":[691,692,690],"class_list":{"0":"post-14995","1":"product","2":"type-product","3":"status-publish","4":"has-post-thumbnail","6":"product_cat-network-gears-ar","7":"product_tag-10-100-1000-ar","8":"product_tag-gigabit-ar","9":"product_tag-network-card-ar","10":"pa_brand-tp-link-ar","12":"first","13":"instock","14":"shipping-taxable","15":"purchasable","16":"product-type-simple"},"_links":{"self":[{"href":"https:\/\/highendtec.com\/ar\/wp-json\/wp\/v2\/product\/14995","targetHints":{"allow":["GET"]}}],"collection":[{"href":"https:\/\/highendtec.com\/ar\/wp-json\/wp\/v2\/product"}],"about":[{"href":"https:\/\/highendtec.com\/ar\/wp-json\/wp\/v2\/types\/product"}],"replies":[{"embeddable":true,"href":"https:\/\/highendtec.com\/ar\/wp-json\/wp\/v2\/comments?post=14995"}],"wp:featuredmedia":[{"embeddable":true,"href":"https:\/\/highendtec.com\/ar\/wp-json\/wp\/v2\/media\/14992"}],"wp:attachment":[{"href":"https:\/\/highendtec.com\/ar\/wp-json\/wp\/v2\/media?parent=14995"}],"wp:term":[{"taxonomy":"product_brand","embeddable":true,"href":"https:\/\/highendtec.com\/ar\/wp-json\/wp\/v2\/product_brand?post=14995"},{"taxonomy":"product_cat","embeddable":true,"href":"https:\/\/highendtec.com\/ar\/wp-json\/wp\/v2\/product_cat?post=14995"},{"taxonomy":"product_tag","embeddable":true,"href":"https:\/\/highendtec.com\/ar\/wp-json\/wp\/v2\/product_tag?post=14995"}],"curies":[{"name":"wp","href":"https:\/\/api.w.org\/{rel}","templated":true}]}}