{"id":12186,"date":"2022-04-18T21:15:12","date_gmt":"2022-04-18T19:15:12","guid":{"rendered":"https:\/\/highendtec.com\/product\/forev-fv-q7-gaming-mouse-multi-dpi-multi-backlit-led-lights-effects-for-pc\/"},"modified":"2022-04-18T21:15:12","modified_gmt":"2022-04-18T19:15:12","slug":"forev-fv-q7-gaming-mouse-multi-dpi-multi-backlit-led-lights-effects-for-pc","status":"publish","type":"product","link":"https:\/\/highendtec.com\/ar\/product\/forev-fv-q7-gaming-mouse-multi-dpi-multi-backlit-led-lights-effects-for-pc\/","title":{"rendered":"Forev Fv-Q7 Gaming Mouse Multi Dpi &#038; Multi Backlit Led Lights Effects &#8211; For Pc"},"content":{"rendered":"<h1 class=\"-fs20 -pts -pbxs\">Forev Fv-Q7 Gaming Mouse Multi Dpi &amp; Multi Backlit Led Lights Effects &#8211; For Pc<\/h1>\n<div class=\"card aim -mtm\">\n<div class=\"markup -mhm -pvl -oxa -sc\">\n<ul class=\"a-unordered-list a-vertical a-spacing-mini\">\n<li>HighEnd Technology Product<\/li>\n<li>Multi DPI (adjustable)<\/li>\n<li>6 buttons including scroll wheel<\/li>\n<li>side navigation keys (forward\/back)<\/li>\n<li>Multi Backlit LED Light Effects<\/li>\n<\/ul>\n<p><img decoding=\"async\" class=\"n3VNCb aligncenter\" src=\"https:\/\/eg.jumia.is\/cms\/external\/pet\/FO126EA0KRMJYNAFAMZ\/383b8ea02823cae127924e3820307e5b.jpg\" alt=\"FV-Q7 Game Mouse Wired Rainbow Glow Mouse Game Electricity Mouse Mouse For  Laptop Wireless White Wireless Mouse \u2013 p\u0113rc par zem\u0101m cen\u0101m e-komercijas  platform\u0101 Joom\" data-src=\"https:\/\/eg.jumia.is\/cms\/external\/pet\/FO126EA0KRMJYNAFAMZ\/383b8ea02823cae127924e3820307e5b.jpg\" data-noaft=\"1\" \/><\/div>\n<div><img decoding=\"async\" class=\"n3VNCb aligncenter\" src=\"https:\/\/cf.shopee.sg\/file\/955803c468825a662d241dc26e5f4e79\" alt=\"Fv-q7 computer game mouse E-sports Internet cafe RGB luminous mouse |  Shopee Singapore\" data-noaft=\"1\" \/><\/div>\n<div><img decoding=\"async\" class=\"n3VNCb aligncenter\" src=\"https:\/\/img.joomcdn.net\/9afcdad74626d3b43aee98411919feccc6abfc08_original.jpeg\" alt=\"Buy FV-Q7 Game Mouse Wired Rainbow Glow Mouse Game Electricity Mouse Mouse  For Laptop Wireless White Wireless Mouse at affordable prices \u2014 free  shipping, real reviews with photos \u2014 Joom\" data-noaft=\"1\" \/><\/div>\n<\/div>\n<section class=\"card aim -mtm -fs16\">\n<header class=\"-pvs -bb\">\n<h2 class=\"-fs20 -m -phm -pvxs\"><\/h2>\n<\/header>\n<\/section>\n","protected":false},"excerpt":{"rendered":"<p>HighEnd Technology Product<br \/>\nWarranty 12 months<br \/>\nMulti DPI Gaming Mouse (adjustable)<br \/>\n6 buttons including scroll wheel<br \/>\nside navigation keys (forward\/back)<br \/>\nMulti Backlit LED Light Effects<\/p>\n","protected":false},"featured_media":12164,"comment_status":"open","ping_status":"closed","template":"","meta":[],"product_brand":[],"product_cat":[183],"product_tag":[404],"class_list":{"0":"post-12186","1":"product","2":"type-product","3":"status-publish","4":"has-post-thumbnail","6":"product_cat-mouse-ar","7":"product_tag-gaming-mouse-ar","8":"pa_brand-forev-ar-2","10":"first","11":"instock","12":"shipping-taxable","13":"purchasable","14":"product-type-simple"},"_links":{"self":[{"href":"https:\/\/highendtec.com\/ar\/wp-json\/wp\/v2\/product\/12186","targetHints":{"allow":["GET"]}}],"collection":[{"href":"https:\/\/highendtec.com\/ar\/wp-json\/wp\/v2\/product"}],"about":[{"href":"https:\/\/highendtec.com\/ar\/wp-json\/wp\/v2\/types\/product"}],"replies":[{"embeddable":true,"href":"https:\/\/highendtec.com\/ar\/wp-json\/wp\/v2\/comments?post=12186"}],"wp:featuredmedia":[{"embeddable":true,"href":"https:\/\/highendtec.com\/ar\/wp-json\/wp\/v2\/media\/12164"}],"wp:attachment":[{"href":"https:\/\/highendtec.com\/ar\/wp-json\/wp\/v2\/media?parent=12186"}],"wp:term":[{"taxonomy":"product_brand","embeddable":true,"href":"https:\/\/highendtec.com\/ar\/wp-json\/wp\/v2\/product_brand?post=12186"},{"taxonomy":"product_cat","embeddable":true,"href":"https:\/\/highendtec.com\/ar\/wp-json\/wp\/v2\/product_cat?post=12186"},{"taxonomy":"product_tag","embeddable":true,"href":"https:\/\/highendtec.com\/ar\/wp-json\/wp\/v2\/product_tag?post=12186"}],"curies":[{"name":"wp","href":"https:\/\/api.w.org\/{rel}","templated":true}]}}